{"id":1110,"date":"2025-03-19T13:58:20","date_gmt":"2025-03-19T12:58:20","guid":{"rendered":"https:\/\/interi.vision\/?post_type=product&#038;p=1110"},"modified":"2025-04-28T11:04:31","modified_gmt":"2025-04-28T09:04:31","slug":"vr-rundgang-fuer-immobilien-fuer-vr-brille-basic","status":"publish","type":"product","link":"https:\/\/interi.vision\/de\/produkt\/vr-rundgang-fuer-immobilien-fuer-vr-brille-basic\/","title":{"rendered":"VR-Rundgang f\u00fcr Immobilien (f\u00fcr VR-Brille Meta Quest 3) &#8211; Qualit\u00e4tsstufe Basic"},"content":{"rendered":"\t\t<div data-elementor-type=\"section\" data-elementor-id=\"1733\" class=\"elementor elementor-1733\" data-elementor-post-type=\"elementor_library\">\n\t\t\t<div class=\"elementor-element elementor-element-330b357 e-flex e-con-boxed e-con e-parent\" data-id=\"330b357\" data-element_type=\"container\" data-e-type=\"container\">\n\t\t\t\t\t<div class=\"e-con-inner\">\n\t\t\t\t<div class=\"elementor-element elementor-element-025fdf3 elementor-widget elementor-widget-spacer\" data-id=\"025fdf3\" data-element_type=\"widget\" data-e-type=\"widget\" data-widget_type=\"spacer.default\">\n\t\t\t\t<div class=\"elementor-widget-container\">\n\t\t\t\t\t\t\t<div class=\"elementor-spacer\">\n\t\t\t<div class=\"elementor-spacer-inner\"><\/div>\n\t\t<\/div>\n\t\t\t\t\t\t<\/div>\n\t\t\t\t<\/div>\n\t\t<div class=\"elementor-element elementor-element-66046c1 e-con-full e-flex e-con e-child\" data-id=\"66046c1\" data-element_type=\"container\" data-e-type=\"container\" data-settings=\"{&quot;background_background&quot;:&quot;classic&quot;}\">\n\t\t\t\t<div class=\"elementor-element elementor-element-beed48b orange-pink-gradient-linear elementor-widget elementor-widget-heading\" data-id=\"beed48b\" data-element_type=\"widget\" data-e-type=\"widget\" data-widget_type=\"heading.default\">\n\t\t\t\t<div class=\"elementor-widget-container\">\n\t\t\t\t\t<h2 class=\"elementor-heading-title elementor-size-default\">Produktbeschreibung: VR-Rundgang \u2013 Qualit\u00e4tsstufe Basic<\/h2>\t\t\t\t<\/div>\n\t\t\t\t<\/div>\n\t\t\t\t<div class=\"elementor-element elementor-element-44ab20c orange-pink-gradient-linear elementor-widget elementor-widget-heading\" data-id=\"44ab20c\" data-element_type=\"widget\" data-e-type=\"widget\" data-widget_type=\"heading.default\">\n\t\t\t\t<div class=\"elementor-widget-container\">\n\t\t\t\t\t<h3 class=\"elementor-heading-title elementor-size-default\">Der einfache Einstieg in Virtual Reality<\/h3>\t\t\t\t<\/div>\n\t\t\t\t<\/div>\n\t\t\t\t<div class=\"elementor-element elementor-element-bac760a elementor-widget elementor-widget-text-editor\" data-id=\"bac760a\" data-element_type=\"widget\" data-e-type=\"widget\" data-widget_type=\"text-editor.default\">\n\t\t\t\t<div class=\"elementor-widget-container\">\n\t\t\t\t\t\t\t\t\t<p style=\"text-align: center;\">Du m\u00f6chtest deine <span style=\"font-weight: bold;\">R\u00e4ume fr\u00fchzeitig virtuell erleben<\/span>, bevor W\u00e4nde stehen und Entscheidungen final sind?<\/p><p style=\"text-align: center;\">Mit der Qualit\u00e4tsstufe Basic bieten wir dir eine klare, fokussierte Darstellung deines Grundrisses in Virtual Reality \u2013 <span style=\"font-weight: bold;\">ideal f\u00fcr die fr\u00fche Planungsphase<\/span>.<\/p><p style=\"text-align: center;\">Du bekommst ein erstes Raumgef\u00fchl, ohne von Materialien, Farben oder Dekoration abgelenkt zu werden.Schnell, funktional und kosteneffizient.<\/p>\t\t\t\t\t\t\t\t<\/div>\n\t\t\t\t<\/div>\n\t\t\t\t<\/div>\n\t\t\t\t<div class=\"elementor-element elementor-element-4d27b23 orange-pink-gradient-linear elementor-widget elementor-widget-heading\" data-id=\"4d27b23\" data-element_type=\"widget\" data-e-type=\"widget\" data-widget_type=\"heading.default\">\n\t\t\t\t<div class=\"elementor-widget-container\">\n\t\t\t\t\t<h3 class=\"elementor-heading-title elementor-size-default\">F\u00fcr wen ist dieses Paket ideal?<\/h3>\t\t\t\t<\/div>\n\t\t\t\t<\/div>\n\t\t\t\t<div class=\"elementor-element elementor-element-a508714 elementor-widget elementor-widget-text-editor\" data-id=\"a508714\" data-element_type=\"widget\" data-e-type=\"widget\" data-widget_type=\"text-editor.default\">\n\t\t\t\t<div class=\"elementor-widget-container\">\n\t\t\t\t\t\t\t\t\t<p>F\u00fcr alle, die fr\u00fch in der Planung stehen und sich eine bessere Vorstellung von Raumgr\u00f6\u00dfen, Anordnung und Proportionen w\u00fcnschen \u2013 ganz ohne gestalterische Ablenkung. Ideal auch, um gemeinsam mit (Innen-)Architekt\/innen oder Familie Entscheidungen zu diskutieren.<\/p>\t\t\t\t\t\t\t\t<\/div>\n\t\t\t\t<\/div>\n\t\t\t\t<div class=\"elementor-element elementor-element-b6946ae orange-pink-gradient-linear elementor-widget elementor-widget-heading\" data-id=\"b6946ae\" data-element_type=\"widget\" data-e-type=\"widget\" data-widget_type=\"heading.default\">\n\t\t\t\t<div class=\"elementor-widget-container\">\n\t\t\t\t\t<h3 class=\"elementor-heading-title elementor-size-default\">Das bekommst du von uns<\/h3>\t\t\t\t<\/div>\n\t\t\t\t<\/div>\n\t\t\t\t<div class=\"elementor-element elementor-element-07447eb elementor-widget elementor-widget-text-editor\" data-id=\"07447eb\" data-element_type=\"widget\" data-e-type=\"widget\" data-widget_type=\"text-editor.default\">\n\t\t\t\t<div class=\"elementor-widget-container\">\n\t\t\t\t\t\t\t\t\t<ul data-spread=\"false\"><li>Ein ausf\u00fchrbares VR-Modell (als .apk-Datei) f\u00fcr die Meta Quest 3 zum Download<\/li><li>Bei von uns gemieteter VR-Brille: das VR-Modell ist vorinstalliert, die gemietete Brille wird dir direkt per Paket zugeschickt<\/li><\/ul>\t\t\t\t\t\t\t\t<\/div>\n\t\t\t\t<\/div>\n\t\t\t\t<div class=\"elementor-element elementor-element-c533f35 orange-pink-gradient-linear elementor-widget elementor-widget-heading\" data-id=\"c533f35\" data-element_type=\"widget\" data-e-type=\"widget\" data-widget_type=\"heading.default\">\n\t\t\t\t<div class=\"elementor-widget-container\">\n\t\t\t\t\t<h3 class=\"elementor-heading-title elementor-size-default\">Das ist enthalten:<\/h3>\t\t\t\t<\/div>\n\t\t\t\t<\/div>\n\t\t<div class=\"elementor-element elementor-element-860ac89 e-con-full e-flex e-con e-child\" data-id=\"860ac89\" data-element_type=\"container\" data-e-type=\"container\">\n\t\t<div class=\"elementor-element elementor-element-bc518c8 e-con-full e-flex e-con e-child\" data-id=\"bc518c8\" data-element_type=\"container\" data-e-type=\"container\">\n\t\t\t\t<div class=\"elementor-element elementor-element-a747da8 elementor-widget elementor-widget-image\" data-id=\"a747da8\" data-element_type=\"widget\" data-e-type=\"widget\" data-widget_type=\"image.default\">\n\t\t\t\t<div class=\"elementor-widget-container\">\n\t\t\t\t\t\t\t\t\t\t\t\t\t\t\t<img fetchpriority=\"high\" decoding=\"async\" width=\"800\" height=\"451\" src=\"https:\/\/interi.vision\/wp-content\/uploads\/2025\/04\/20250423_InteriVision_Kitchen_Basic_light-scaled-e1745439710844-1024x577.png\" class=\"attachment-large size-large wp-image-2032\" alt=\"\" srcset=\"https:\/\/interi.vision\/wp-content\/uploads\/2025\/04\/20250423_InteriVision_Kitchen_Basic_light-scaled-e1745439710844-1024x577.png 1024w, https:\/\/interi.vision\/wp-content\/uploads\/2025\/04\/20250423_InteriVision_Kitchen_Basic_light-scaled-e1745439710844-300x169.png 300w, https:\/\/interi.vision\/wp-content\/uploads\/2025\/04\/20250423_InteriVision_Kitchen_Basic_light-scaled-e1745439710844-768x432.png 768w, https:\/\/interi.vision\/wp-content\/uploads\/2025\/04\/20250423_InteriVision_Kitchen_Basic_light-scaled-e1745439710844-1536x865.png 1536w, https:\/\/interi.vision\/wp-content\/uploads\/2025\/04\/20250423_InteriVision_Kitchen_Basic_light-scaled-e1745439710844-2048x1153.png 2048w, https:\/\/interi.vision\/wp-content\/uploads\/2025\/04\/20250423_InteriVision_Kitchen_Basic_light-scaled-e1745439710844-600x338.png 600w\" sizes=\"(max-width: 800px) 100vw, 800px\" \/>\t\t\t\t\t\t\t\t\t\t\t\t\t\t\t<\/div>\n\t\t\t\t<\/div>\n\t\t\t\t<\/div>\n\t\t<div class=\"elementor-element elementor-element-8dff759 e-con-full e-flex e-con e-child\" data-id=\"8dff759\" data-element_type=\"container\" data-e-type=\"container\">\n\t\t\t\t<div class=\"elementor-element elementor-element-d5c941a elementor-widget elementor-widget-text-editor\" data-id=\"d5c941a\" data-element_type=\"widget\" data-e-type=\"widget\" data-widget_type=\"text-editor.default\">\n\t\t\t\t<div class=\"elementor-widget-container\">\n\t\t\t\t\t\t\t\t\t<p><ul data-spread=\"false\">\n \t<li>Standardisierte M\u00f6blierung in neutralem Design<\/li>\n \t<li>Keine Fenster oder T\u00fcren (optional zubuchbar)<\/li>\n \t<li>Einfarbige Fl\u00e4chen f\u00fcr klare Raumwirkung<\/li>\n \t<li>Begehbare VR-Darstellung deines Grundrisses<\/li>\n \t<li>Kein Lichteinbau oder Beleuchtungskonzept<\/li>\n \t<li>Nutzung mit der Meta Quest 3 (optional mietbar)<\/li>\n<\/ul><\/p>\n<p>Hinweis: Eine PC-Ansicht ist aktuell noch nicht verf\u00fcgbar.<\/p>\t\t\t\t\t\t\t\t<\/div>\n\t\t\t\t<\/div>\n\t\t\t\t<\/div>\n\t\t\t\t<\/div>\n\t\t\t\t<div class=\"elementor-element elementor-element-4cf08d6 orange-pink-gradient-linear elementor-widget elementor-widget-heading\" data-id=\"4cf08d6\" data-element_type=\"widget\" data-e-type=\"widget\" data-widget_type=\"heading.default\">\n\t\t\t\t<div class=\"elementor-widget-container\">\n\t\t\t\t\t<h3 class=\"elementor-heading-title elementor-size-default\">Du brauchst mehr Gestaltung?<\/h3>\t\t\t\t<\/div>\n\t\t\t\t<\/div>\n\t\t\t\t<div class=\"elementor-element elementor-element-976ca6e elementor-widget elementor-widget-text-editor\" data-id=\"976ca6e\" data-element_type=\"widget\" data-e-type=\"widget\" data-widget_type=\"text-editor.default\">\n\t\t\t\t<div class=\"elementor-widget-container\">\n\t\t\t\t\t\t\t\t\t<p>Wenn du Fenster, T\u00fcren, Oberfl\u00e4chen oder sogar individuelle Designstile sehen m\u00f6chtest, empfehlen wir dir unsere <a href=\"https:\/\/interi.vision\/de\/produkt\/vr-rundgang-fuer-immobilien-fuer-vr-brille-plus\/\">VR-Rundg\u00e4nge in den Qualit\u00e4tsstufen Plus<\/a> oder <a href=\"https:\/\/interi.vision\/de\/kontakt\/\">Premium<\/a>. F\u00fcr die Premium-Stufe <a href=\"https:\/\/interi.vision\/de\/kontakt\/\">nimm einfach Kontakt zu uns auf<\/a>, damit wir deine Anforderungen individuell abkl\u00e4ren k\u00f6nnen.<\/p>\t\t\t\t\t\t\t\t<\/div>\n\t\t\t\t<\/div>\n\t\t\t\t<div class=\"elementor-element elementor-element-27006a2 elementor-widget elementor-widget-template\" data-id=\"27006a2\" data-element_type=\"widget\" data-e-type=\"widget\" data-widget_type=\"template.default\">\n\t\t\t\t<div class=\"elementor-widget-container\">\n\t\t\t\t\t\t\t<div class=\"elementor-template\">\n\t\t\t\t\t<div data-elementor-type=\"section\" data-elementor-id=\"2112\" class=\"elementor elementor-2112\" data-elementor-post-type=\"elementor_library\">\n\t\t\t<div class=\"elementor-element elementor-element-2591b530 e-flex e-con-boxed e-con e-parent\" data-id=\"2591b530\" data-element_type=\"container\" data-e-type=\"container\">\n\t\t\t\t\t<div class=\"e-con-inner\">\n\t\t\t\t<div class=\"elementor-element elementor-element-7104156a orange-pink-gradient-linear elementor-widget elementor-widget-heading\" data-id=\"7104156a\" data-element_type=\"widget\" data-e-type=\"widget\" data-widget_type=\"heading.default\">\n\t\t\t\t<div class=\"elementor-widget-container\">\n\t\t\t\t\t<h3 class=\"elementor-heading-title elementor-size-default\">Das ben\u00f6tigen wir von dir<\/h3>\t\t\t\t<\/div>\n\t\t\t\t<\/div>\n\t\t\t\t<div class=\"elementor-element elementor-element-341cfe96 elementor-widget elementor-widget-text-editor\" data-id=\"341cfe96\" data-element_type=\"widget\" data-e-type=\"widget\" data-widget_type=\"text-editor.default\">\n\t\t\t\t<div class=\"elementor-widget-container\">\n\t\t\t\t\t\t\t\t\t<p>Damit wir dein Modell im Rahmen des Plus-Pakets erstellen k\u00f6nnen, ben\u00f6tigen wir einen technisch umsetzbaren Grundriss mit folgenden Eigenschaften:<\/p>\t\t\t\t\t\t\t\t<\/div>\n\t\t\t\t<\/div>\n\t\t\t\t<div class=\"elementor-element elementor-element-f99d5fc elementor-widget elementor-widget-text-editor\" data-id=\"f99d5fc\" data-element_type=\"widget\" data-e-type=\"widget\" data-widget_type=\"text-editor.default\">\n\t\t\t\t<div class=\"elementor-widget-container\">\n\t\t\t\t\t\t\t\t\t<h4>Allgemeine Anforderungen<\/h4><ul data-spread=\"false\"><li>Digital gezeichneter, ma\u00dfstabsgerechter (Innen-)Architektengrundriss mit Himmelsrichtung<\/li><li>Format: PDF, JPG oder PNG<\/li><li>Ma\u00dfe: Wandl\u00e4ngen, Raumh\u00f6hen, Wandst\u00e4rken, Fenster- &amp; T\u00fcrma\u00dfe inkl. Br\u00fcstungsh\u00f6hen \u2013 die Bema\u00dfung muss eindeutig, vollst\u00e4ndig und lesbar sein<\/li><li>Nach M\u00f6glichkeit: keine pers\u00f6nlichen Daten in Datei oder Dateieigenschaften, insbesondere keine Adresse(n), Namen, Firmenangaben, Telefonnummern, etc.<\/li><li>Optional: Schnitte oder Perspektiven, wenn n\u00f6tig<\/li><li>Kurzes Raumkonzept mit Nutzung &amp; M\u00f6belpositionen<\/li><li>Max. 10 Dateien, insgesamt max. 100 MB, die du mit deiner Bestellung hochl\u00e4dst (bspw. Grundrissdateien, Schnitte, Perspektiven, Ansichten)<\/li><\/ul><h4>Form &amp; Aufbau<\/h4><ul data-spread=\"false\"><li>Rechte Winkel bei allen W\u00e4nden (90\u00b0)<\/li><li>Gerade W\u00e4nde, keine runden, geschwungenen oder sonstig komplex geformten Wandelemente<\/li><li>Keine Dachschr\u00e4gen, Mansarden, Podeste oder Zwischengeschosse<\/li><li>Keine geschwungenen, schr\u00e4gen oder runden W\u00e4nde<\/li><\/ul><h4>Einschr\u00e4nkungen im Modell<\/h4><ul data-spread=\"false\"><li>Max. 1 K\u00fcche und \/ oder max. 1 Bad \/ Sanit\u00e4rbereich pro Etage<\/li><li>Keine Balkone, Winterg\u00e4rten, Anbauten, Terrassen oder Sonderr\u00e4ume (bspw. Pools, Saunen, Fitnessr\u00e4ume)<\/li><li>Einfache Treppe (gerade, L- oder U-f\u00f6rmig, ohne Gel\u00e4nder)<\/li><li>Standardm\u00f6blierung ohne Ma\u00dfanfertigung<\/li><li>Keine Dekoration (bspw. Vorh\u00e4nge oder Gardinen, Bilder, TV-Ger\u00e4te, K\u00fcchenger\u00e4te), Lampen oder Leuchten<\/li><li>Keine Farb-, Stil- oder Designberatung<\/li><\/ul><h4>Technische Grenzen<\/h4><ul data-spread=\"false\"><li>Licht und Schatten werden ansatzweise durch den Sonnenstand um die Mittagszeit an einem Fr\u00fchsommertag simuliert. Die verwendete VR-Technologie erm\u00f6glicht kein realistisches Licht- und Schattenkonzept.<\/li><\/ul>\t\t\t\t\t\t\t\t<\/div>\n\t\t\t\t<\/div>\n\t\t\t\t<div class=\"elementor-element elementor-element-6e40745 elementor-widget elementor-widget-text-editor\" data-id=\"6e40745\" data-element_type=\"widget\" data-e-type=\"widget\" data-widget_type=\"text-editor.default\">\n\t\t\t\t<div class=\"elementor-widget-container\">\n\t\t\t\t\t\t\t\t\t<p>Wenn dein Grundriss von diesen Anforderungen abweicht, <a href=\"https:\/\/interi.vision\/de\/kontakt\/\">sprich uns gern vorab an<\/a>. Gemeinsam pr\u00fcfen wir, ob dein Projekt trotzdem im Rahmen dieses VR-Rundgang-Pakets umsetzbar ist \u2013 oder ob ein individuelles Angebot besser zu deinem Grundriss passt.<\/p>\t\t\t\t\t\t\t\t<\/div>\n\t\t\t\t<\/div>\n\t\t\t\t\t<\/div>\n\t\t\t\t<\/div>\n\t\t\t\t<\/div>\n\t\t\t\t<\/div>\n\t\t\t\t\t\t<\/div>\n\t\t\t\t<\/div>\n\t\t\t\t<div class=\"elementor-element elementor-element-8c3ba28 elementor-widget elementor-widget-template\" data-id=\"8c3ba28\" data-element_type=\"widget\" data-e-type=\"widget\" data-widget_type=\"template.default\">\n\t\t\t\t<div class=\"elementor-widget-container\">\n\t\t\t\t\t\t\t<div class=\"elementor-template\">\n\t\t\t\t\t<div data-elementor-type=\"section\" data-elementor-id=\"2017\" class=\"elementor elementor-2017\" data-elementor-post-type=\"elementor_library\">\n\t\t\t<div class=\"elementor-element elementor-element-382ed033 e-flex e-con-boxed e-con e-parent\" data-id=\"382ed033\" data-element_type=\"container\" data-e-type=\"container\">\n\t\t\t\t\t<div class=\"e-con-inner\">\n\t\t\t\t<div class=\"elementor-element elementor-element-5faadd52 orange-pink-gradient-linear elementor-widget elementor-widget-heading\" data-id=\"5faadd52\" data-element_type=\"widget\" data-e-type=\"widget\" data-widget_type=\"heading.default\">\n\t\t\t\t<div class=\"elementor-widget-container\">\n\t\t\t\t\t<h3 class=\"elementor-heading-title elementor-size-default\">So l\u00e4uft deine Bestellung ab<\/h3>\t\t\t\t<\/div>\n\t\t\t\t<\/div>\n\t\t\t\t<div class=\"elementor-element elementor-element-2c89baa elementor-widget elementor-widget-text-editor\" data-id=\"2c89baa\" data-element_type=\"widget\" data-e-type=\"widget\" data-widget_type=\"text-editor.default\">\n\t\t\t\t<div class=\"elementor-widget-container\">\n\t\t\t\t\t\t\t\t\t<ol><li>Bestelle deinen VR-Rundgang im <a href=\"https:\/\/interi.vision\/de\/preise\/\">INTERI.VISION-Shop<\/a> und lade deine Dateien (Grundrisse, Schnitte, Ansichten, etc.) direkt beim Checkout hoch.<\/li><li>Wir pr\u00fcfen deine Unterlagen und Bestellangaben innerhalb von 2 Werktagen.<\/li><li>Du erh\u00e4ltst bei R\u00fcckfragen eine E-Mail von uns \u2013 oder direkt eine Best\u00e4tigung deiner Bestellung mit unserer Bankverbindung.<\/li><li>Erst dann bezahlst du per \u00dcberweisung (Verwendungszweck: deine Bestellnummer).<\/li><li>Nach Zahlungseingang auf unserem Bankkonto (in der Regel nach 1-3 Werktagen nach Ausf\u00fchrung der \u00dcberweisung durch deine Bank) starten wir mit der VR-Modell-Erstellung. Die Dauer der Modellerstellung h\u00e4ngt von der Fl\u00e4che des zu modellierenden Grundrisses ab:<ul><li>Bis zu 150 m\u00b2: ca. 5 Werktage<\/li><li>Bis zu 200m\u00b2: ca. 6 Werktage<\/li><li>Bis zu 250m\u00b2: ca. 7 Werktage<\/li><li>\u00dcber 250m\u00b2: wir teilen dir in der Bestellbest\u00e4tigung mit, wie lange die Modellerstellung voraussichtlich dauern wird<\/li><\/ul><\/li><li>Du erh\u00e4ltst nach der Fertigstellung des VR-Modells einen Link zum Download einer .apk-Datei, die f\u00fcr die Meta Quest 3 optimiert ist, und \u2013 nur bei Miete \u2013 die VR-Brille mit vorinstalliertem VR-Modell per Paket.<\/li><\/ol>\t\t\t\t\t\t\t\t<\/div>\n\t\t\t\t<\/div>\n\t\t\t\t\t<\/div>\n\t\t\t\t<\/div>\n\t\t\t\t<\/div>\n\t\t\t\t<\/div>\n\t\t\t\t\t\t<\/div>\n\t\t\t\t<\/div>\n\t\t\t\t<div class=\"elementor-element elementor-element-935ec22 elementor-widget elementor-widget-template\" data-id=\"935ec22\" data-element_type=\"widget\" data-e-type=\"widget\" data-widget_type=\"template.default\">\n\t\t\t\t<div class=\"elementor-widget-container\">\n\t\t\t\t\t\t\t<div class=\"elementor-template\">\n\t\t\t\t\t<div data-elementor-type=\"section\" data-elementor-id=\"1982\" class=\"elementor elementor-1982\" data-elementor-post-type=\"elementor_library\">\n\t\t\t<div class=\"elementor-element elementor-element-1177264a e-flex e-con-boxed e-con e-parent\" data-id=\"1177264a\" data-element_type=\"container\" data-e-type=\"container\">\n\t\t\t\t\t<div class=\"e-con-inner\">\n\t\t\t\t<div class=\"elementor-element elementor-element-46ec9fef orange-pink-gradient-linear elementor-widget elementor-widget-heading\" data-id=\"46ec9fef\" data-element_type=\"widget\" data-e-type=\"widget\" data-widget_type=\"heading.default\">\n\t\t\t\t<div class=\"elementor-widget-container\">\n\t\t\t\t\t<h3 class=\"elementor-heading-title elementor-size-default\">Meta Quest 3 von INTERI.VISION mieten? Kein Problem:<\/h3>\t\t\t\t<\/div>\n\t\t\t\t<\/div>\n\t\t\t\t<div class=\"elementor-element elementor-element-2f24e4a8 elementor-widget elementor-widget-text-editor\" data-id=\"2f24e4a8\" data-element_type=\"widget\" data-e-type=\"widget\" data-widget_type=\"text-editor.default\">\n\t\t\t\t<div class=\"elementor-widget-container\">\n\t\t\t\t\t\t\t\t\t<ul><li>Wir versenden VR-Mietbrillen derzeit nur innerhalb Deutschlands.<\/li><li>Wir erheben eine Basis-Leihgeb\u00fchr als Grundgeb\u00fchr, in der 7 Kalendertage Nutzung inklusive sind.<\/li><li>Wir erheben eine Kaution als Pfand: 550 \u20ac (inkl. MwSt.)<\/li><li>Eine Woche (7 Tage) Miete f\u00fcr die VR-Brille ist in der Grundgeb\u00fchr inbegriffen (zur Bestimmung der endg\u00fcltig abgerechneten Mietdauer beachte bitte unsere <a href=\"https:\/\/interi.vision\/de\/agb\/\" target=\"_blank\" rel=\"nofollow noopener\">Allgemeinen Gesch\u00e4ftsbedingungen<\/a>).<\/li><li>Zus\u00e4tzliche Miete f\u00fcr jede weitere begonnene Woche: 55,00 \u20ac inkl. Mwst., die mit der Kaution verrechnet werden (zur Bestimmung der Mietdauer: siehe unten)<\/li><\/ul><h4>Bitte beachte:<\/h4><ul><li>Die Sprache in der VR-Brille ist auf deutsch eingestellt, sofern zwischen uns keine andere Vereinbarung besteht.<\/li><li>Die VR-Brille ist nur zur Betrachtung des VR-Modells vorgesehen. Keine Nutzung der Brille f\u00fcr andere Zwecke.<\/li><li>Keinen Werksreset durchf\u00fchren (Bearbeitungsgeb\u00fchr: 165,00 \u20ac inkl. Mwst. bei Versto\u00df, die wir dann mit der Kaution verrechnen) und keine andere Software auf der VR-Brille installieren<\/li><li>R\u00fcckversand nur mit unserer DHL-Retourenmarke<\/li><li>Sch\u00e4den oder versp\u00e4tete R\u00fcckgabe (abgerechnet je begonnener Woche Verpsp\u00e4tung) werden mit der Kaution verrechnet<\/li><li>Die Miete beginnt mit dem ersten Zustellversuch bei dir durch den Paketzusteller. Die Miete endet mit der \u00dcbergabe des Pakets von dir an den Versanddienstleister.<\/li><li>Nach Eingang deiner R\u00fccksendung\u00a0 bei uns und erfolgreicher Pr\u00fcfung der gemieteten VR-Brille (Dauer bis zu 5 Werktage) erfolgt die R\u00fcckzahlung der Kaution auf dein angegebenes SEPA-Konto innerhalb von 5 Werktagen.<\/li><\/ul><p><a href=\"https:\/\/interi.vision\/de\/agb\/\" target=\"_blank\" rel=\"nofollow noopener\">Die ausf\u00fchrlichen Mietbedingungen findest du hier.<\/a><\/p>\t\t\t\t\t\t\t\t<\/div>\n\t\t\t\t<\/div>\n\t\t\t\t\t<\/div>\n\t\t\t\t<\/div>\n\t\t\t\t<\/div>\n\t\t\t\t<\/div>\n\t\t\t\t\t\t<\/div>\n\t\t\t\t<\/div>\n\t\t\t\t<div class=\"elementor-element elementor-element-c7b08c7 elementor-widget elementor-widget-template\" data-id=\"c7b08c7\" data-element_type=\"widget\" data-e-type=\"widget\" data-widget_type=\"template.default\">\n\t\t\t\t<div class=\"elementor-widget-container\">\n\t\t\t\t\t\t\t<div class=\"elementor-template\">\n\t\t\t\t\t<div data-elementor-type=\"section\" data-elementor-id=\"2009\" class=\"elementor elementor-2009\" data-elementor-post-type=\"elementor_library\">\n\t\t\t<div class=\"elementor-element elementor-element-2f44e732 e-flex e-con-boxed e-con e-parent\" data-id=\"2f44e732\" data-element_type=\"container\" data-e-type=\"container\">\n\t\t\t\t\t<div class=\"e-con-inner\">\n\t\t\t\t<div class=\"elementor-element elementor-element-25dd2287 orange-pink-gradient-linear elementor-widget elementor-widget-heading\" data-id=\"25dd2287\" data-element_type=\"widget\" data-e-type=\"widget\" data-widget_type=\"heading.default\">\n\t\t\t\t<div class=\"elementor-widget-container\">\n\t\t\t\t\t<h3 class=\"elementor-heading-title elementor-size-default\">Nutzungsrechte f\u00fcr Privatkunden<\/h3>\t\t\t\t<\/div>\n\t\t\t\t<\/div>\n\t\t\t\t<div class=\"elementor-element elementor-element-197c2238 elementor-widget elementor-widget-text-editor\" data-id=\"197c2238\" data-element_type=\"widget\" data-e-type=\"widget\" data-widget_type=\"text-editor.default\">\n\t\t\t\t<div class=\"elementor-widget-container\">\n\t\t\t\t\t\t\t\t\t<p>Mit dem Kauf erh\u00e4ltst du eine <strong>nichtkommerzielle Einzellizenz<\/strong> zur privaten Nutzung deines VR-Modells.<\/p><p>Wenn du eine kommerzielle Lizenz ben\u00f6tigst, dann kannst du diese auf unserem <a href=\"https:\/\/b2b.interi.vision\/\" target=\"_blank\" rel=\"nofollow noopener\">B2B-Portal<\/a> erwerben, das nur f\u00fcr Unternehmen zug\u00e4nglich ist. Sofern du bei uns noch nicht als Unternehmen registriert bist, kannst du <a href=\"https:\/\/interi.vision\/de\/kontakt\/\" data-type=\"page\" data-id=\"363\">jederzeit Kontakt zu uns aufnehmen, um mehr \u00fcber unsere Lizenzen f\u00fcr Unternehmen zu erfahren<\/a>.<\/p><p><a href=\"https:\/\/interi.vision\/de\/agb\/#nutzungsrechte\" target=\"_blank\" rel=\"nofollow noopener\">Die vollst\u00e4ndigen Nutzungsrechte, die du erh\u00e4ltst findest du hier.<\/a><\/p>\t\t\t\t\t\t\t\t<\/div>\n\t\t\t\t<\/div>\n\t\t\t\t\t<\/div>\n\t\t\t\t<\/div>\n\t\t\t\t<\/div>\n\t\t\t\t<\/div>\n\t\t\t\t\t\t<\/div>\n\t\t\t\t<\/div>\n\t\t<div class=\"elementor-element elementor-element-93c5a99 e-con-full e-flex e-con e-child\" data-id=\"93c5a99\" data-element_type=\"container\" data-e-type=\"container\" data-settings=\"{&quot;background_background&quot;:&quot;classic&quot;}\">\n\t\t\t\t<div class=\"elementor-element elementor-element-9205b98 orange-pink-gradient-linear elementor-widget elementor-widget-heading\" data-id=\"9205b98\" data-element_type=\"widget\" data-e-type=\"widget\" data-widget_type=\"heading.default\">\n\t\t\t\t<div class=\"elementor-widget-container\">\n\t\t\t\t\t<h3 class=\"elementor-heading-title elementor-size-default\">Noch unsicher?<\/h3>\t\t\t\t<\/div>\n\t\t\t\t<\/div>\n\t\t\t\t<div class=\"elementor-element elementor-element-97f90e9 elementor-widget elementor-widget-text-editor\" data-id=\"97f90e9\" data-element_type=\"widget\" data-e-type=\"widget\" data-widget_type=\"text-editor.default\">\n\t\t\t\t<div class=\"elementor-widget-container\">\n\t\t\t\t\t\t\t\t\t<p>Wir beraten dich gern pers\u00f6nlich \u2013 <a href=\"https:\/\/interi.vision\/de\/kontakt\/\">schreib uns einfach \u00fcber das Kontaktformular, per E-Mail oder direkt via WhatsApp<\/a>.<\/p><p>Wir freuen uns, dein Projekt gemeinsam mit dir zum Leben zu erwecken.<\/p>\t\t\t\t\t\t\t\t<\/div>\n\t\t\t\t<\/div>\n\t\t\t\t<\/div>\n\t\t\t\t\t<\/div>\n\t\t\t\t<\/div>\n\t\t\t\t<\/div>\n\t\t\n","protected":false},"excerpt":{"rendered":"<p><strong data-start=\"163\" data-end=\"210\">Erlebe deinen Grundriss in Virtual Reality.<\/strong> Die Produktstufe <strong data-start=\"228\" data-end=\"237\">Basic<\/strong> bietet dir eine kosteng\u00fcnstige, klare Raumdarstellung mit standardisierten M\u00f6beln \u2013 ideal f\u00fcr die fr\u00fche Planungsphase.<\/p>\n<p>Beinhaltet ein VR-Modell als ausf\u00fchbare .apk-Datei f\u00fcr eine Meta Quest 3 VR-Brille nach den Eigenschaften in der Produktbeschreibung unter den von uns gew\u00e4hrten <a href=\"https:\/\/interi.vision\/de\/agb\/#nutzungsrechte\" target=\"_blank\" rel=\"nofollow noopener\">Nutzungsrechten<\/a>\u00a0und den folgenden Ma\u00dfst\u00e4ben:<\/p>\n","protected":false},"featured_media":2032,"template":"","meta":[],"product_brand":[],"product_cat":[98],"product_tag":[],"class_list":{"0":"post-1110","1":"product","2":"type-product","3":"status-publish","4":"has-post-thumbnail","6":"product_cat-softwareprogrammierung","8":"first","9":"instock","10":"virtual","11":"sold-individually","12":"taxable","13":"purchasable","14":"product-type-composite"},"_links":{"self":[{"href":"https:\/\/interi.vision\/de\/wp-json\/wp\/v2\/product\/1110","targetHints":{"allow":["GET"]}}],"collection":[{"href":"https:\/\/interi.vision\/de\/wp-json\/wp\/v2\/product"}],"about":[{"href":"https:\/\/interi.vision\/de\/wp-json\/wp\/v2\/types\/product"}],"wp:featuredmedia":[{"embeddable":true,"href":"https:\/\/interi.vision\/de\/wp-json\/wp\/v2\/media\/2032"}],"wp:attachment":[{"href":"https:\/\/interi.vision\/de\/wp-json\/wp\/v2\/media?parent=1110"}],"wp:term":[{"taxonomy":"product_brand","embeddable":true,"href":"https:\/\/interi.vision\/de\/wp-json\/wp\/v2\/product_brand?post=1110"},{"taxonomy":"product_cat","embeddable":true,"href":"https:\/\/interi.vision\/de\/wp-json\/wp\/v2\/product_cat?post=1110"},{"taxonomy":"product_tag","embeddable":true,"href":"https:\/\/interi.vision\/de\/wp-json\/wp\/v2\/product_tag?post=1110"}],"curies":[{"name":"wp","href":"https:\/\/api.w.org\/{rel}","templated":true}]}}