{"id":369,"date":"2024-08-14T22:21:10","date_gmt":"2024-08-14T20:21:10","guid":{"rendered":"https:\/\/interi.vision\/?page_id=369"},"modified":"2025-04-24T19:12:01","modified_gmt":"2025-04-24T17:12:01","slug":"zahlungsinformationen","status":"publish","type":"page","link":"https:\/\/interi.vision\/de\/zahlungsinformationen\/","title":{"rendered":"Zahlungsinformationen"},"content":{"rendered":"\t\t<div data-elementor-type=\"wp-page\" data-elementor-id=\"369\" class=\"elementor elementor-369\" data-elementor-post-type=\"page\">\n\t\t\t\t<div class=\"elementor-element elementor-element-299ce9fd e-flex e-con-boxed e-con e-parent\" data-id=\"299ce9fd\" data-element_type=\"container\" data-e-type=\"container\">\n\t\t\t\t\t<div class=\"e-con-inner\">\n\t\t\t\t<div class=\"elementor-element elementor-element-0a926b0 elementor-widget elementor-widget-heading\" data-id=\"0a926b0\" data-element_type=\"widget\" data-e-type=\"widget\" data-widget_type=\"heading.default\">\n\t\t\t\t<div class=\"elementor-widget-container\">\n\t\t\t\t\t<h1 class=\"elementor-heading-title elementor-size-default\">Zahlungsinformationen<\/h1>\t\t\t\t<\/div>\n\t\t\t\t<\/div>\n\t\t\t\t<div class=\"elementor-element elementor-element-1609a048 elementor-widget elementor-widget-text-editor\" data-id=\"1609a048\" data-element_type=\"widget\" data-e-type=\"widget\" data-widget_type=\"text-editor.default\">\n\t\t\t\t<div class=\"elementor-widget-container\">\n\t\t\t\t\t\t\t\t\t\n<p>Hier findest du unsere Zahlungsinformationen:<\/p>\n\n<h3 class=\"wp-block-heading\">I. Bei Versand innerhalb Deutschlands<\/h3>\n\n<p>F\u00fcr Lieferungen innerhalb Deutschlands bieten wir\u00a0folgende Zahlungsm\u00f6glichkeiten\u00a0an, sofern in der jeweiligen Produktbeschreibung nichts anderes bestimmt ist:<\/p>\n\n<p>1. Vorkasse per Bank\u00fcberweisung<\/p>\n\n<h3 class=\"wp-block-heading\">II. Bei Versand au\u00dferhalb Deutschlands<\/h3>\n\n<p>F\u00fcr Lieferungen ins Ausland bieten wir\u00a0folgende Zahlungsm\u00f6glichkeiten\u00a0an, sofern in der jeweiligen Produktbeschreibung nichts anderes bestimmt ist:<\/p>\n\n<p>1. Vorkasse per Bank\u00fcberweisung<\/p>\n\n<h3 class=\"wp-block-heading\">III.\u00a0Detaillierte Informationen zu den einzelnen Zahlungsm\u00f6glichkeiten<\/h3>\n\n<p>1. Vorkasse per Bank\u00fcberweisung<\/p>\n\n<p>\u00dcberweise uns den Rechnungsbetrag unter Angabe des Verwendungszwecks bequem auf unser Bankkonto innerhalb von 5 Tagen. Unsere Bankverbindung sowie den \u00dcberweisungszweck teilen wir dir im Rahmen der Bestellabwicklung gesondert per E-Mail mit.<\/p>\n\n<p>2. Selbstabholung<\/p>\n\n<p>Selbstabholung ist aus logistischen Gr\u00fcnden nicht m\u00f6glich.<\/p>\n\n<p>\u00a0<\/p>\n\t\t\t\t\t\t\t\t<\/div>\n\t\t\t\t<\/div>\n\t\t\t\t\t<\/div>\n\t\t\t\t<\/div>\n\t\t\t\t<\/div>\n\t\t","protected":false},"excerpt":{"rendered":"<p>Zahlungsinformationen Hier findest du unsere Zahlungsinformationen: I. Bei Versand innerhalb Deutschlands F\u00fcr Lieferungen innerhalb Deutschlands bieten wir\u00a0folgende Zahlungsm\u00f6glichkeiten\u00a0an, sofern in der jeweiligen Produktbeschreibung nichts anderes bestimmt ist: 1. Vorkasse per Bank\u00fcberweisung II. Bei Versand au\u00dferhalb Deutschlands F\u00fcr Lieferungen ins Ausland bieten wir\u00a0folgende Zahlungsm\u00f6glichkeiten\u00a0an, sofern in der jeweiligen Produktbeschreibung nichts anderes bestimmt ist: 1. Vorkasse per [&hellip;]<\/p>\n","protected":false},"author":1,"featured_media":0,"parent":0,"menu_order":0,"comment_status":"closed","ping_status":"closed","template":"","meta":{"footnotes":""},"class_list":["post-369","page","type-page","status-publish","hentry"],"_links":{"self":[{"href":"https:\/\/interi.vision\/de\/wp-json\/wp\/v2\/pages\/369","targetHints":{"allow":["GET"]}}],"collection":[{"href":"https:\/\/interi.vision\/de\/wp-json\/wp\/v2\/pages"}],"about":[{"href":"https:\/\/interi.vision\/de\/wp-json\/wp\/v2\/types\/page"}],"author":[{"embeddable":true,"href":"https:\/\/interi.vision\/de\/wp-json\/wp\/v2\/users\/1"}],"replies":[{"embeddable":true,"href":"https:\/\/interi.vision\/de\/wp-json\/wp\/v2\/comments?post=369"}],"version-history":[{"count":7,"href":"https:\/\/interi.vision\/de\/wp-json\/wp\/v2\/pages\/369\/revisions"}],"predecessor-version":[{"id":2211,"href":"https:\/\/interi.vision\/de\/wp-json\/wp\/v2\/pages\/369\/revisions\/2211"}],"wp:attachment":[{"href":"https:\/\/interi.vision\/de\/wp-json\/wp\/v2\/media?parent=369"}],"curies":[{"name":"wp","href":"https:\/\/api.w.org\/{rel}","templated":true}]}}