{"id":367,"date":"2025-04-18T09:18:13","date_gmt":"2025-04-18T09:18:13","guid":{"rendered":"https:\/\/interi.vision\/?page_id=367"},"modified":"2025-04-26T11:24:39","modified_gmt":"2025-04-26T09:24:39","slug":"widerrufsbelehrung","status":"publish","type":"page","link":"https:\/\/interi.vision\/de\/widerrufsbelehrung\/","title":{"rendered":"Widerrufsbelehrung"},"content":{"rendered":"\n<h1 class=\"wp-block-heading\">Widerrufsbelehrung<\/h1>\n\n\n\n<h2 class=\"wp-block-heading\"><strong>Widerrufsrecht f\u00fcr Verbraucher<\/strong><\/h2>\n\n\n\n<p>Verbraucher ist jede nat\u00fcrliche Person, die ein Rechtsgesch\u00e4ft zu Zwecken abschlie\u00dft, die \u00fcberwiegend weder ihrer gewerblichen noch ihrer selbstst\u00e4ndigen beruflichen T\u00e4tigkeit zugerechnet werden k\u00f6nnen.<\/p>\n\n\n\n<p>Sie als Verbraucher haben das Recht, binnen vierzehn Tagen ohne Angabe von Gr\u00fcnden diesen Vertrag zu widerrufen, <strong>soweit es sich um die Miete eines Endger\u00e4ts handelt.<\/strong><\/p>\n\n\n\n<p>Die Widerrufsfrist betr\u00e4gt vierzehn Tage ab dem Tag, an dem Sie oder ein von Ihnen benannter Dritter, der nicht der Bef\u00f6rderer ist, das Mietger\u00e4t in Besitz genommen haben.<\/p>\n\n\n\n<p>Um Ihr Widerrufsrecht auszu\u00fcben, m\u00fcssen Sie uns durch eine eindeutige Erkl\u00e4rung (Brief per Post, Telefax oder E-Mail, etc.) \u00fcber Ihren Entschluss, diesen Vertrag zu widerrufen, informieren.<\/p>\n\n\n\n<p>Sie k\u00f6nnen daf\u00fcr das untenstehende Muster-Widerrufsformular verwenden. Es ist jedoch nicht vorgeschrieben. Zur Wahrung der Widerrufsfrist reicht es aus, dass Sie die Mitteilung \u00fcber die Aus\u00fcbung des Widerrufsrechts vor Ablauf der Widerrufsfrist absenden. Ihr Widerruf ist zu richten an: Open The Box GmbH, Andreas-Schmeller-Str. 8, 85092 K\u00f6sching, Deutschland, Tel.: +49 (0)175 993 7 553, Fax: +49 (0)8456 9673 679, E-Mail: hello@interi.vision<\/p>\n\n\n\n<h4 class=\"wp-block-heading\"><strong>Kein Widerrufsrecht bei individuell angefertigter Software<\/strong><\/h4>\n\n\n\n<p>F\u00fcr die Lieferung von Software, die individuell nach Ihren Vorgaben erstellt wird (z.\u202fB. durch Eingabe von Ma\u00dfdaten), besteht <strong>kein Widerrufsrecht<\/strong>, da es sich um eine nach Kundenspezifikation angefertigte Ware handelt, die nicht vorgefertigt ist und eindeutig auf Ihre pers\u00f6nlichen Bed\u00fcrfnisse zugeschnitten ist (\u00a7 312g Abs. 2 Nr. 1 BGB). Mit Ihrer Bestellung erkl\u00e4ren Sie sich ausdr\u00fccklich damit einverstanden, dass wir mit der Ausf\u00fchrung des Softwarevertrags vor Ablauf der Widerrufsfrist beginnen. Ihnen ist bekannt, dass Sie mit vollst\u00e4ndiger Vertragserf\u00fcllung Ihr Widerrufsrecht verlieren (\u00a7 356 Abs. 5 BGB).<\/p>\n\n\n\n<h2 class=\"wp-block-heading\"><strong>Folgen des Widerrufs (bei Mietvertr\u00e4gen)<\/strong><\/h2>\n\n\n\n<p>Wenn Sie diesen Vertrag widerrufen, haben wir Ihnen alle Zahlungen, die wir von Ihnen erhalten haben (mit Ausnahme der zus\u00e4tzlichen Kosten und des Wertersatzes f\u00fcr bereits erbrachte Mietleistungen), unverz\u00fcglich und sp\u00e4testens binnen vierzehn Tagen ab dem Tag zur\u00fcckzuzahlen, an dem die Mitteilung \u00fcber Ihren Widerruf bei uns eingegangen ist. F\u00fcr die R\u00fcckzahlung verwenden wir dasselbe Zahlungsmittel, das Sie bei der urspr\u00fcnglichen Transaktion eingesetzt haben, es sei denn, mit Ihnen wurde ausdr\u00fccklich etwas anderes vereinbart.<\/p>\n\n\n\n<h2 class=\"wp-block-heading\"><strong>Wertersatzpflicht<\/strong><\/h2>\n\n\n\n<p>Haben Sie verlangt, dass die Mietleistung w\u00e4hrend der Widerrufsfrist beginnt, so haben Sie uns einen angemessenen Betrag zu zahlen, der dem Anteil der bis zu dem Zeitpunkt, zu dem Sie uns von der Aus\u00fcbung des Widerrufsrechts hinsichtlich des Mietvertrags unterrichten, bereits erbrachten Leistungen im Vergleich zum Gesamtumfang der im Vertrag vorgesehenen Leistungen entspricht (\u00a7 357 Abs. 8 BGB).<\/p>\n\n\n\n<h2 class=\"wp-block-heading\"><strong>Muster-Widerrufsformular<\/strong><\/h2>\n\n\n\n<p>Wenn Sie den Vertrag widerrufen wollen, dann f\u00fcllen Sie bitte dieses Formular aus und senden es zur\u00fcck an:<\/p>\n\n\n\n<p>Open The Box GmbH<br>Andreas-Schmeller-Str. 8<br>85092 K\u00f6sching<br>Deutschland<\/p>\n\n\n\n<p>Fax: +49 (0)175 993 7 553<br>E-Mail: hello@interi.vision<\/p>\n\n\n\n<p>Hiermit widerrufe ich den von mir abgeschlossenen Vertrag \u00fcber die Miete des folgenden Ger\u00e4ts:<\/p>\n\n\n\n<p>Bestellt am: _______________&nbsp;<\/p>\n\n\n\n<p>Erhalten am: _______________&nbsp;<\/p>\n\n\n\n<p>Name des Verbrauchers: _______________&nbsp;<\/p>\n\n\n\n<p>Anschrift des Verbrauchers: _______________<\/p>\n\n\n\n<p>Unterschrift des Verbrauchers (nur bei Mitteilung auf Papier): __________________&nbsp;<\/p>\n\n\n\n<p>Datum: _______________<\/p>\n","protected":false},"excerpt":{"rendered":"<p>Widerrufsbelehrung Widerrufsrecht f\u00fcr Verbraucher Verbraucher ist jede nat\u00fcrliche Person, die ein Rechtsgesch\u00e4ft zu Zwecken abschlie\u00dft, die \u00fcberwiegend weder ihrer gewerblichen noch ihrer selbstst\u00e4ndigen beruflichen T\u00e4tigkeit zugerechnet werden k\u00f6nnen. Sie als Verbraucher haben das Recht, binnen vierzehn Tagen ohne Angabe von Gr\u00fcnden diesen Vertrag zu widerrufen, soweit es sich um die Miete eines Endger\u00e4ts handelt. Die [&hellip;]<\/p>\n","protected":false},"author":1,"featured_media":0,"parent":0,"menu_order":0,"comment_status":"closed","ping_status":"closed","template":"","meta":{"footnotes":""},"class_list":["post-367","page","type-page","status-publish","hentry"],"_links":{"self":[{"href":"https:\/\/interi.vision\/de\/wp-json\/wp\/v2\/pages\/367","targetHints":{"allow":["GET"]}}],"collection":[{"href":"https:\/\/interi.vision\/de\/wp-json\/wp\/v2\/pages"}],"about":[{"href":"https:\/\/interi.vision\/de\/wp-json\/wp\/v2\/types\/page"}],"author":[{"embeddable":true,"href":"https:\/\/interi.vision\/de\/wp-json\/wp\/v2\/users\/1"}],"replies":[{"embeddable":true,"href":"https:\/\/interi.vision\/de\/wp-json\/wp\/v2\/comments?post=367"}],"version-history":[{"count":3,"href":"https:\/\/interi.vision\/de\/wp-json\/wp\/v2\/pages\/367\/revisions"}],"predecessor-version":[{"id":2218,"href":"https:\/\/interi.vision\/de\/wp-json\/wp\/v2\/pages\/367\/revisions\/2218"}],"wp:attachment":[{"href":"https:\/\/interi.vision\/de\/wp-json\/wp\/v2\/media?parent=367"}],"curies":[{"name":"wp","href":"https:\/\/api.w.org\/{rel}","templated":true}]}}