{"id":2504,"date":"2025-05-30T17:12:14","date_gmt":"2025-05-30T15:12:14","guid":{"rendered":"https:\/\/interi.vision\/?page_id=2504"},"modified":"2025-05-31T09:20:36","modified_gmt":"2025-05-31T07:20:36","slug":"affiliate-partnerprogramm-20250426","status":"publish","type":"page","link":"https:\/\/interi.vision\/de\/affiliate-partnerprogramm-20250426\/","title":{"rendered":"Eingeschr\u00e4nkter Inhalt"},"content":{"rendered":"Diese Seite ist nur f\u00fcr eine bestimmte Personengruppe zug\u00e4nglich. Melde dich mit deinen Zugangsdaten bei deinem Mitgliederkonto an, um zu pr\u00fcfen, ob du diese Inhalte dann ansehen kannst. Falls nicht, dann kann es sein, dass du eine besondere Berechtigung brauchst, um die Inhalte anzuzeigen.\r\n\r\nBei Fragen hierzu kannst du gerne jederzeit zu uns Kontakt aufnehmen.","protected":false},"excerpt":{"rendered":"","protected":false},"author":1,"featured_media":0,"parent":0,"menu_order":0,"comment_status":"closed","ping_status":"closed","template":"","meta":{"footnotes":""},"class_list":["post-2504","page","type-page","status-publish","hentry"],"_links":{"self":[{"href":"https:\/\/interi.vision\/de\/wp-json\/wp\/v2\/pages\/2504","targetHints":{"allow":["GET"]}}],"collection":[{"href":"https:\/\/interi.vision\/de\/wp-json\/wp\/v2\/pages"}],"about":[{"href":"https:\/\/interi.vision\/de\/wp-json\/wp\/v2\/types\/page"}],"author":[{"embeddable":true,"href":"https:\/\/interi.vision\/de\/wp-json\/wp\/v2\/users\/1"}],"replies":[{"embeddable":true,"href":"https:\/\/interi.vision\/de\/wp-json\/wp\/v2\/comments?post=2504"}],"version-history":[{"count":14,"href":"https:\/\/interi.vision\/de\/wp-json\/wp\/v2\/pages\/2504\/revisions"}],"predecessor-version":[{"id":2537,"href":"https:\/\/interi.vision\/de\/wp-json\/wp\/v2\/pages\/2504\/revisions\/2537"}],"wp:attachment":[{"href":"https:\/\/interi.vision\/de\/wp-json\/wp\/v2\/media?parent=2504"}],"curies":[{"name":"wp","href":"https:\/\/api.w.org\/{rel}","templated":true}]}}