{"id":1974,"date":"2025-04-15T23:11:32","date_gmt":"2025-04-15T21:11:32","guid":{"rendered":"https:\/\/interi.vision\/?page_id=1974"},"modified":"2025-04-25T17:15:35","modified_gmt":"2025-04-25T15:15:35","slug":"versandarten","status":"publish","type":"page","link":"https:\/\/interi.vision\/de\/versandarten\/","title":{"rendered":"Versandinformationen"},"content":{"rendered":"\t\t<div data-elementor-type=\"wp-page\" data-elementor-id=\"1974\" class=\"elementor elementor-1974\" data-elementor-post-type=\"page\">\n\t\t\t\t<div class=\"elementor-element elementor-element-60683ba9 e-flex e-con-boxed e-con e-parent\" data-id=\"60683ba9\" data-element_type=\"container\" data-e-type=\"container\">\n\t\t\t\t\t<div class=\"e-con-inner\">\n\t\t\t\t<div class=\"elementor-element elementor-element-a5b9d18 elementor-widget elementor-widget-heading\" data-id=\"a5b9d18\" data-element_type=\"widget\" data-e-type=\"widget\" data-widget_type=\"heading.default\">\n\t\t\t\t<div class=\"elementor-widget-container\">\n\t\t\t\t\t<h1 class=\"elementor-heading-title elementor-size-default\">Versandinformationen<\/h1>\t\t\t\t<\/div>\n\t\t\t\t<\/div>\n\t\t\t\t<div class=\"elementor-element elementor-element-2bbd941e elementor-widget elementor-widget-text-editor\" data-id=\"2bbd941e\" data-element_type=\"widget\" data-e-type=\"widget\" data-widget_type=\"text-editor.default\">\n\t\t\t\t<div class=\"elementor-widget-container\">\n\t\t\t\t\t\t\t\t\t<p>Hier findest du unsere Informationen zum Versand.<\/p>\n<h2 class=\"wp-block-heading\">Produktarten und zugeh\u00f6rige Versandinformationen<\/h2>\n<p>F\u00fcr die von uns erstellte Software, die auf Virtual Reality Ger\u00e4ten oder anderen Ger\u00e4ten installiert und ausgef\u00fchrt werden kann, erfolgt kein physischer Versand. Diese Software wird \u00fcber einen Downloadlink bereitgestellt, der dir als Kunden per E-Mail \u00fcbermittelt wird. Wir versenden den Downloadlink nach Fertigstellung der Software an die E-Mail-Adresse, die du bei der Bestellung angegeben hast.<\/p>\n<p>Sofern du bei uns ein Leihger\u00e4t bestellst, gelten die folgenden Versandinformationen:<\/p>\n<h3 class=\"wp-block-heading\">Versandkosten und -informationen:<\/h3>\n<p>Ein Versand der gemieteten Ger\u00e4te ist standardm\u00e4\u00dfig nur in die unten aufgef\u00fchrten L\u00e4nder m\u00f6glich.&nbsp;Je nach Umfang deiner Bestellung erfolgt der Versand als Standardversand per DPD, UPS , DHL oder per Spedition. Die jeweils anfallenden Versandkosten kannst du der unten angegebenen Tabelle entnehmen.<\/p>\n<p>Solltest du den Versand in ein anderes Land w\u00fcnschen, dann schreibe uns bitte vor einer Bestellung eine E-Mail (hello@interi.vision) und nenne uns bitte die Lieferadresse mit dem Land und der entsprechenden Postleitzahl. Wir werden dir dann kurzfristig mitteilen, ob wir auch in das gew\u00fcnschte Land versenden k\u00f6nnen und dir \u2013 sollte eine Lieferung an die gew\u00fcnschte Lieferadresse m\u00f6glich sein &#8211; die Versandkosten mitteilen, da wir die Versandm\u00f6glichkeit und die Kosten vorab bei unserem Versandpartner erfragen m\u00fcssen.<\/p>\n<h4 class=\"wp-block-heading\">I.&nbsp;Versand innerhalb Deutschlands:<\/h4>\n<p>F\u00fcr den Versand innerhalb Deutschlands versenden wir versandkostenfrei.<\/p>\n<h4 class=\"wp-block-heading\">II. Versand au\u00dferhalb Deutschlands<\/h4>\n<p>Wir liefern in folgende L\u00e4nder:<\/p>\n<p>\u00d6sterreich<\/p>\n<p>Wir versenden in diese L\u00e4nder per DHL Standardversand. Die Versandkosten betragen pauschal 20,00\u20ac inkl. Mwst. pro Bestellung.<\/p>\n<h4 class=\"wp-block-heading\">III. Selbstabholung<\/h4>\n<p>Selbstabholung ist aus logistischen Gr\u00fcnden nicht m\u00f6glich.<\/p>\t\t\t\t\t\t\t\t<\/div>\n\t\t\t\t<\/div>\n\t\t\t\t\t<\/div>\n\t\t\t\t<\/div>\n\t\t\t\t<\/div>\n\t\t","protected":false},"excerpt":{"rendered":"<p>Versandinformationen Hier findest du unsere Informationen zum Versand. Produktarten und zugeh\u00f6rige Versandinformationen F\u00fcr die von uns erstellte Software, die auf Virtual Reality Ger\u00e4ten oder anderen Ger\u00e4ten installiert und ausgef\u00fchrt werden kann, erfolgt kein physischer Versand. Diese Software wird \u00fcber einen Downloadlink bereitgestellt, der dir als Kunden per E-Mail \u00fcbermittelt wird. Wir versenden den Downloadlink nach [&hellip;]<\/p>\n","protected":false},"author":1,"featured_media":0,"parent":0,"menu_order":0,"comment_status":"closed","ping_status":"closed","template":"","meta":{"footnotes":""},"class_list":["post-1974","page","type-page","status-publish","hentry"],"_links":{"self":[{"href":"https:\/\/interi.vision\/de\/wp-json\/wp\/v2\/pages\/1974","targetHints":{"allow":["GET"]}}],"collection":[{"href":"https:\/\/interi.vision\/de\/wp-json\/wp\/v2\/pages"}],"about":[{"href":"https:\/\/interi.vision\/de\/wp-json\/wp\/v2\/types\/page"}],"author":[{"embeddable":true,"href":"https:\/\/interi.vision\/de\/wp-json\/wp\/v2\/users\/1"}],"replies":[{"embeddable":true,"href":"https:\/\/interi.vision\/de\/wp-json\/wp\/v2\/comments?post=1974"}],"version-history":[{"count":10,"href":"https:\/\/interi.vision\/de\/wp-json\/wp\/v2\/pages\/1974\/revisions"}],"predecessor-version":[{"id":2199,"href":"https:\/\/interi.vision\/de\/wp-json\/wp\/v2\/pages\/1974\/revisions\/2199"}],"wp:attachment":[{"href":"https:\/\/interi.vision\/de\/wp-json\/wp\/v2\/media?parent=1974"}],"curies":[{"name":"wp","href":"https:\/\/api.w.org\/{rel}","templated":true}]}}